{"id":22,"date":"2023-07-19T09:23:04","date_gmt":"2023-07-19T14:23:04","guid":{"rendered":"https:\/\/prod.atozagents.com\/?page_id=22"},"modified":"2023-07-27T16:44:23","modified_gmt":"2023-07-27T21:44:23","slug":"about-us","status":"publish","type":"page","link":"https:\/\/atozagents.com\/es\/about-us\/","title":{"rendered":"About Us"},"content":{"rendered":"<div data-elementor-type=\"wp-page\" data-elementor-id=\"22\" class=\"elementor elementor-22\">\n\t\t\t\t\t\t<section class=\"elementor-section elementor-top-section elementor-element elementor-element-c199510 elementor-section-height-full elementor-section-items-bottom elementor-section-content-bottom animated-slow elementor-section-boxed elementor-section-height-default elementor-invisible\" data-id=\"c199510\" data-element_type=\"section\" data-settings=\"{&quot;background_background&quot;:&quot;classic&quot;,&quot;animation&quot;:&quot;fadeIn&quot;}\">\n\t\t\t\t\t\t<div class=\"elementor-container elementor-column-gap-no\">\n\t\t\t\t\t<div class=\"elementor-column elementor-col-50 elementor-top-column elementor-element elementor-element-f057423 elementor-invisible\" data-id=\"f057423\" data-element_type=\"column\" data-settings=\"{&quot;background_background&quot;:&quot;gradient&quot;,&quot;animation&quot;:&quot;fadeIn&quot;}\">\n\t\t\t<div class=\"elementor-widget-wrap elementor-element-populated\">\n\t\t\t\t\t\t<div class=\"elementor-element elementor-element-f680375 elementor-widget elementor-widget-heading\" data-id=\"f680375\" data-element_type=\"widget\" data-widget_type=\"heading.default\">\n\t\t\t\t<div class=\"elementor-widget-container\">\n\t\t\t\t\t<h1 class=\"elementor-heading-title elementor-size-default\">NOSOTROS<\/h1>\t\t\t\t<\/div>\n\t\t\t\t<\/div>\n\t\t\t\t<div class=\"elementor-element elementor-element-bdfc399 elementor-widget elementor-widget-text-editor\" data-id=\"bdfc399\" data-element_type=\"widget\" data-widget_type=\"text-editor.default\">\n\t\t\t\t<div class=\"elementor-widget-container\">\n\t\t\t\t\t\t\t\t\t<p>Como l\u00edderes de corredores de seguros, no solo es nuestro trabajo entrenar a los agentes de seguros independientes en su camino hacia la prosperidad. Es nuestra pasi\u00f3n.<\/p>\t\t\t\t\t\t\t\t<\/div>\n\t\t\t\t<\/div>\n\t\t\t\t\t<\/div>\n\t\t<\/div>\n\t\t\t\t<div class=\"elementor-column elementor-col-50 elementor-top-column elementor-element elementor-element-f19f94e elementor-hidden-tablet elementor-hidden-mobile\" data-id=\"f19f94e\" data-element_type=\"column\">\n\t\t\t<div class=\"elementor-widget-wrap\">\n\t\t\t\t\t\t\t<\/div>\n\t\t<\/div>\n\t\t\t\t\t<\/div>\n\t\t<\/section>\n\t\t\t\t<section class=\"elementor-section elementor-top-section elementor-element elementor-element-0589e4c elementor-section-content-middle elementor-section-boxed elementor-section-height-default elementor-section-height-default\" data-id=\"0589e4c\" data-element_type=\"section\" data-settings=\"{&quot;background_background&quot;:&quot;classic&quot;}\">\n\t\t\t\t\t\t<div class=\"elementor-container elementor-column-gap-no\">\n\t\t\t\t\t<div class=\"elementor-column elementor-col-100 elementor-top-column elementor-element elementor-element-1723a90\" data-id=\"1723a90\" data-element_type=\"column\">\n\t\t\t<div class=\"elementor-widget-wrap elementor-element-populated\">\n\t\t\t\t\t\t<div class=\"elementor-element elementor-element-cf01d7c elementor-widget elementor-widget-text-editor\" data-id=\"cf01d7c\" data-element_type=\"widget\" data-widget_type=\"text-editor.default\">\n\t\t\t\t<div class=\"elementor-widget-container\">\n\t\t\t\t\t\t\t\t\t<p><b>Nuestra Misi\u00f3n:<\/b> Preparar <span style=\"color: #00ccff;\"><b>m\u00e1s<\/b>\u00a0<\/span>agentes para vender\u00a0<span style=\"color: #00ccff;\"><b>m\u00e1s <\/b><\/span>p\u00f3lizas de la mejor compa\u00f1\u00eda de seguros de la Florida, Florida Blue, mientras brindamos beneficios insuperables para el agente.<\/p>\t\t\t\t\t\t\t\t<\/div>\n\t\t\t\t<\/div>\n\t\t\t\t<div class=\"elementor-element elementor-element-1b566d4 elementor-widget elementor-widget-image\" data-id=\"1b566d4\" data-element_type=\"widget\" data-widget_type=\"image.default\">\n\t\t\t\t<div class=\"elementor-widget-container\">\n\t\t\t\t\t\t\t\t\t\t\t\t\t\t\t<img decoding=\"async\" width=\"129\" height=\"2\" src=\"https:\/\/atozagents.com\/wp-content\/uploads\/2023\/07\/linea.png\" class=\"attachment-large size-large wp-image-384\" alt=\"\" \/>\t\t\t\t\t\t\t\t\t\t\t\t\t\t\t<\/div>\n\t\t\t\t<\/div>\n\t\t\t\t<div class=\"elementor-element elementor-element-7265b4a elementor-widget elementor-widget-text-editor\" data-id=\"7265b4a\" data-element_type=\"widget\" data-widget_type=\"text-editor.default\">\n\t\t\t\t<div class=\"elementor-widget-container\">\n\t\t\t\t\t\t\t\t\t<p>Desde el 2015, AtoZ Agents ha operado como el enlace de confianza entre las compa\u00f1\u00edas de seguros y miles de clientes en toda la Florida. Seguimos dedicados a empoderar nuestros agentes para tomar mejores decisiones y guiarlos en cada paso del camino.<\/p>\t\t\t\t\t\t\t\t<\/div>\n\t\t\t\t<\/div>\n\t\t\t\t\t<\/div>\n\t\t<\/div>\n\t\t\t\t\t<\/div>\n\t\t<\/section>\n\t\t\t\t<section class=\"elementor-section elementor-top-section elementor-element elementor-element-89de5b2 elementor-section-boxed elementor-section-height-default elementor-section-height-default\" data-id=\"89de5b2\" data-element_type=\"section\" data-settings=\"{&quot;background_background&quot;:&quot;classic&quot;}\">\n\t\t\t\t\t\t<div class=\"elementor-container elementor-column-gap-default\">\n\t\t\t\t\t<div class=\"elementor-column elementor-col-100 elementor-top-column elementor-element elementor-element-f029e34\" data-id=\"f029e34\" data-element_type=\"column\">\n\t\t\t<div class=\"elementor-widget-wrap elementor-element-populated\">\n\t\t\t\t\t\t<div class=\"elementor-element elementor-element-63c9004 elementor-widget__width-auto elementor-widget elementor-widget-heading\" data-id=\"63c9004\" data-element_type=\"widget\" data-widget_type=\"heading.default\">\n\t\t\t\t<div class=\"elementor-widget-container\">\n\t\t\t\t\t<h1 class=\"elementor-heading-title elementor-size-default\">\u00bfC\u00d3MO<\/h1>\t\t\t\t<\/div>\n\t\t\t\t<\/div>\n\t\t\t\t<div class=\"elementor-element elementor-element-383ad5a elementor-widget__width-auto elementor-widget elementor-widget-heading\" data-id=\"383ad5a\" data-element_type=\"widget\" data-widget_type=\"heading.default\">\n\t\t\t\t<div class=\"elementor-widget-container\">\n\t\t\t\t\t<h1 class=\"elementor-heading-title elementor-size-default\">TRABAJAMOS?<\/h1>\t\t\t\t<\/div>\n\t\t\t\t<\/div>\n\t\t\t\t\t<\/div>\n\t\t<\/div>\n\t\t\t\t\t<\/div>\n\t\t<\/section>\n\t\t\t\t<section class=\"elementor-section elementor-top-section elementor-element elementor-element-d39a29b elementor-section-boxed elementor-section-height-default elementor-section-height-default\" data-id=\"d39a29b\" data-element_type=\"section\" data-settings=\"{&quot;background_background&quot;:&quot;classic&quot;}\">\n\t\t\t\t\t\t<div class=\"elementor-container elementor-column-gap-extended\">\n\t\t\t\t\t<div class=\"elementor-column elementor-col-33 elementor-top-column elementor-element elementor-element-798b2d3\" data-id=\"798b2d3\" data-element_type=\"column\">\n\t\t\t<div class=\"elementor-widget-wrap elementor-element-populated\">\n\t\t\t\t\t\t<div class=\"elementor-element elementor-element-1402366 elementor-widget elementor-widget-image\" data-id=\"1402366\" data-element_type=\"widget\" data-widget_type=\"image.default\">\n\t\t\t\t<div class=\"elementor-widget-container\">\n\t\t\t\t\t\t\t\t\t\t\t\t\t\t\t<img fetchpriority=\"high\" decoding=\"async\" width=\"420\" height=\"585\" src=\"https:\/\/atozagents.com\/wp-content\/uploads\/2023\/07\/atoz-about-train.jpg\" class=\"attachment-large size-large wp-image-389\" alt=\"\" srcset=\"https:\/\/atozagents.com\/wp-content\/uploads\/2023\/07\/atoz-about-train.jpg 420w, https:\/\/atozagents.com\/wp-content\/uploads\/2023\/07\/atoz-about-train-215x300.jpg 215w\" sizes=\"(max-width: 420px) 100vw, 420px\" \/>\t\t\t\t\t\t\t\t\t\t\t\t\t\t\t<\/div>\n\t\t\t\t<\/div>\n\t\t\t\t<div class=\"elementor-element elementor-element-e0ddad4 elementor-widget elementor-widget-heading\" data-id=\"e0ddad4\" data-element_type=\"widget\" data-widget_type=\"heading.default\">\n\t\t\t\t<div class=\"elementor-widget-container\">\n\t\t\t\t\t<h2 class=\"elementor-heading-title elementor-size-default\">ENTRENAMOS<\/h2>\t\t\t\t<\/div>\n\t\t\t\t<\/div>\n\t\t\t\t<div class=\"elementor-element elementor-element-078d9c5 elementor-widget elementor-widget-text-editor\" data-id=\"078d9c5\" data-element_type=\"widget\" data-widget_type=\"text-editor.default\">\n\t\t\t\t<div class=\"elementor-widget-container\">\n\t\t\t\t\t\t\t\t\t<div class=\"wrap mcb-wrap one-third  valign-top clearfix\"><div class=\"mcb-wrap-inner\"><div class=\"column mcb-column one column_column\"><div class=\"column_attr clearfix\"><p>Brindamos entrenamiento especializado y experiencia del mundo real, para que puedas entrar al negocio con todas las herramientas y entrenamiento que necesitas para triunfar.<\/p><\/div><\/div><\/div><\/div><div class=\"wrap mcb-wrap one-third  valign-top clearfix\"><div class=\"mcb-wrap-inner\"><div class=\"column mcb-column one column_image\"><div class=\"image_frame image_item no_link scale-with-grid no_border\">\u00a0<\/div><\/div><\/div><\/div>\t\t\t\t\t\t\t\t<\/div>\n\t\t\t\t<\/div>\n\t\t\t\t\t<\/div>\n\t\t<\/div>\n\t\t\t\t<div class=\"elementor-column elementor-col-33 elementor-top-column elementor-element elementor-element-e1b44a5\" data-id=\"e1b44a5\" data-element_type=\"column\">\n\t\t\t<div class=\"elementor-widget-wrap elementor-element-populated\">\n\t\t\t\t\t\t<div class=\"elementor-element elementor-element-eb3c021 elementor-widget elementor-widget-image\" data-id=\"eb3c021\" data-element_type=\"widget\" data-widget_type=\"image.default\">\n\t\t\t\t<div class=\"elementor-widget-container\">\n\t\t\t\t\t\t\t\t\t\t\t\t\t\t\t<img decoding=\"async\" width=\"420\" height=\"585\" src=\"https:\/\/atozagents.com\/wp-content\/uploads\/2023\/07\/atoz_about-transform.jpg\" class=\"attachment-large size-large wp-image-390\" alt=\"\" srcset=\"https:\/\/atozagents.com\/wp-content\/uploads\/2023\/07\/atoz_about-transform.jpg 420w, https:\/\/atozagents.com\/wp-content\/uploads\/2023\/07\/atoz_about-transform-215x300.jpg 215w\" sizes=\"(max-width: 420px) 100vw, 420px\" \/>\t\t\t\t\t\t\t\t\t\t\t\t\t\t\t<\/div>\n\t\t\t\t<\/div>\n\t\t\t\t<div class=\"elementor-element elementor-element-ab307b2 elementor-widget elementor-widget-heading\" data-id=\"ab307b2\" data-element_type=\"widget\" data-widget_type=\"heading.default\">\n\t\t\t\t<div class=\"elementor-widget-container\">\n\t\t\t\t\t<h2 class=\"elementor-heading-title elementor-size-default\">TRANSFORMAMOS<\/h2>\t\t\t\t<\/div>\n\t\t\t\t<\/div>\n\t\t\t\t<div class=\"elementor-element elementor-element-4f6dd86 elementor-widget elementor-widget-text-editor\" data-id=\"4f6dd86\" data-element_type=\"widget\" data-widget_type=\"text-editor.default\">\n\t\t\t\t<div class=\"elementor-widget-container\">\n\t\t\t\t\t\t\t\t\t<div class=\"wrap mcb-wrap one-third valign-top clearfix\"><div class=\"mcb-wrap-inner\"><div class=\"column mcb-column one column_column\"><div class=\"column_attr clearfix\"><div class=\"wrap mcb-wrap one-third  valign-top clearfix\"><div class=\"mcb-wrap-inner\"><div class=\"column mcb-column one column_column\"><div class=\"column_attr clearfix\"><p>Crece m\u00e1s r\u00e1pido. Evita ca\u00eddas. Organ\u00edzate. Mejora tu calidad de vida con la orientaci\u00f3n de expertos reconocidos.<\/p><\/div><\/div><\/div><\/div><div class=\"wrap mcb-wrap one-third  valign-top clearfix\"><div class=\"mcb-wrap-inner\"><div class=\"column mcb-column one column_image\"><div class=\"image_frame image_item no_link scale-with-grid no_border\">\u00a0<\/div><\/div><\/div><\/div><\/div><\/div><\/div><\/div><div class=\"wrap mcb-wrap one-third valign-top clearfix\"><div class=\"mcb-wrap-inner\"><div class=\"column mcb-column one column_image\"><div class=\"image_frame image_item no_link scale-with-grid no_border\">\u00a0<\/div><\/div><\/div><\/div>\t\t\t\t\t\t\t\t<\/div>\n\t\t\t\t<\/div>\n\t\t\t\t\t<\/div>\n\t\t<\/div>\n\t\t\t\t<div class=\"elementor-column elementor-col-33 elementor-top-column elementor-element elementor-element-2aec57c\" data-id=\"2aec57c\" data-element_type=\"column\">\n\t\t\t<div class=\"elementor-widget-wrap elementor-element-populated\">\n\t\t\t\t\t\t<div class=\"elementor-element elementor-element-5b2971a elementor-widget elementor-widget-image\" data-id=\"5b2971a\" data-element_type=\"widget\" data-widget_type=\"image.default\">\n\t\t\t\t<div class=\"elementor-widget-container\">\n\t\t\t\t\t\t\t\t\t\t\t\t\t\t\t<img loading=\"lazy\" decoding=\"async\" width=\"420\" height=\"585\" src=\"https:\/\/atozagents.com\/wp-content\/uploads\/2023\/07\/atoz_about-think.jpg\" class=\"attachment-large size-large wp-image-391\" alt=\"\" srcset=\"https:\/\/atozagents.com\/wp-content\/uploads\/2023\/07\/atoz_about-think.jpg 420w, https:\/\/atozagents.com\/wp-content\/uploads\/2023\/07\/atoz_about-think-215x300.jpg 215w\" sizes=\"(max-width: 420px) 100vw, 420px\" \/>\t\t\t\t\t\t\t\t\t\t\t\t\t\t\t<\/div>\n\t\t\t\t<\/div>\n\t\t\t\t<div class=\"elementor-element elementor-element-f5c3be9 elementor-widget elementor-widget-heading\" data-id=\"f5c3be9\" data-element_type=\"widget\" data-widget_type=\"heading.default\">\n\t\t\t\t<div class=\"elementor-widget-container\">\n\t\t\t\t\t<h2 class=\"elementor-heading-title elementor-size-default\">AVANZAMOS CON SEGURIDAD<\/h2>\t\t\t\t<\/div>\n\t\t\t\t<\/div>\n\t\t\t\t<div class=\"elementor-element elementor-element-dbc73f9 elementor-widget elementor-widget-text-editor\" data-id=\"dbc73f9\" data-element_type=\"widget\" data-widget_type=\"text-editor.default\">\n\t\t\t\t<div class=\"elementor-widget-container\">\n\t\t\t\t\t\t\t\t\t<div class=\"wrap mcb-wrap one-third valign-top clearfix\"><div class=\"mcb-wrap-inner\"><div class=\"column mcb-column one column_column\"><div class=\"column_attr clearfix\"><div class=\"wrap mcb-wrap one-third valign-top clearfix\"><div class=\"mcb-wrap-inner\"><div class=\"column mcb-column one column_column\"><div class=\"column_attr clearfix\"><p>Sin importar si eres un agente nuevo o uno en crecimiento, te daremos acceso a todo lo que necesitas para evitar errores comunes y tomar el camino correcto hacia el \u00e9xito.<\/p><\/div><\/div><\/div><\/div><div class=\"wrap mcb-wrap one-third valign-top clearfix\"><div class=\"mcb-wrap-inner\"><div class=\"column mcb-column one column_image\"><div class=\"image_frame image_item no_link scale-with-grid no_border\">\u00a0<\/div><\/div><\/div><\/div><\/div><\/div><\/div><\/div><div class=\"wrap mcb-wrap one-third valign-top clearfix\"><div class=\"mcb-wrap-inner\"><div class=\"column mcb-column one column_image\"><div class=\"image_frame image_item no_link scale-with-grid no_border\">\u00a0<\/div><\/div><\/div><\/div>\t\t\t\t\t\t\t\t<\/div>\n\t\t\t\t<\/div>\n\t\t\t\t\t<\/div>\n\t\t<\/div>\n\t\t\t\t\t<\/div>\n\t\t<\/section>\n\t\t\t\t<\/div>","protected":false},"excerpt":{"rendered":"<p>ABOUT US As a leading insurance broker, it\u2019s not just our job to train independent insurance agents on their path to prosperity. It\u2019s our passion! Our Mission: To prepare more\u00a0agents to sell\u00a0more policies for Florida\u2019s top insurance company, Florida Blue, while providing unbeatable agent benefits. Since 2015, AtoZ Agents has operated as a trusted liaison [&hellip;]<\/p>","protected":false},"author":1,"featured_media":0,"parent":0,"menu_order":0,"comment_status":"closed","ping_status":"closed","template":"","meta":{"site-sidebar-layout":"no-sidebar","site-content-layout":"page-builder","ast-site-content-layout":"","site-content-style":"default","site-sidebar-style":"default","ast-global-header-display":"","ast-banner-title-visibility":"","ast-main-header-display":"","ast-hfb-above-header-display":"","ast-hfb-below-header-display":"","ast-hfb-mobile-header-display":"","site-post-title":"disabled","ast-breadcrumbs-content":"","ast-featured-img":"disabled","footer-sml-layout":"","theme-transparent-header-meta":"","adv-header-id-meta":"","stick-header-meta":"","header-above-stick-meta":"","header-main-stick-meta":"","header-below-stick-meta":"","astra-migrate-meta-layouts":"default","ast-page-background-enabled":"default","ast-page-background-meta":{"desktop":{"background-color":"var(--ast-global-color-4)","background-image":"","background-repeat":"repeat","background-position":"center center","background-size":"auto","background-attachment":"scroll","background-type":"","background-media":"","overlay-type":"","overlay-color":"","overlay-opacity":"","overlay-gradient":""},"tablet":{"background-color":"","background-image":"","background-repeat":"repeat","background-position":"center center","background-size":"auto","background-attachment":"scroll","background-type":"","background-media":"","overlay-type":"","overlay-color":"","overlay-opacity":"","overlay-gradient":""},"mobile":{"background-color":"","background-image":"","background-repeat":"repeat","background-position":"center center","background-size":"auto","background-attachment":"scroll","background-type":"","background-media":"","overlay-type":"","overlay-color":"","overlay-opacity":"","overlay-gradient":""}},"ast-content-background-meta":{"desktop":{"background-color":"var(--ast-global-color-5)","background-image":"","background-repeat":"repeat","background-position":"center center","background-size":"auto","background-attachment":"scroll","background-type":"","background-media":"","overlay-type":"","overlay-color":"","overlay-opacity":"","overlay-gradient":""},"tablet":{"background-color":"var(--ast-global-color-5)","background-image":"","background-repeat":"repeat","background-position":"center center","background-size":"auto","background-attachment":"scroll","background-type":"","background-media":"","overlay-type":"","overlay-color":"","overlay-opacity":"","overlay-gradient":""},"mobile":{"background-color":"var(--ast-global-color-5)","background-image":"","background-repeat":"repeat","background-position":"center center","background-size":"auto","background-attachment":"scroll","background-type":"","background-media":"","overlay-type":"","overlay-color":"","overlay-opacity":"","overlay-gradient":""}},"footnotes":""},"class_list":["post-22","page","type-page","status-publish","hentry"],"yoast_head":"<!-- This site is optimized with the Yoast SEO plugin v25.1 - https:\/\/yoast.com\/wordpress\/plugins\/seo\/ -->\n<title>About Us - ATOZ Agents<\/title>\n<meta name=\"robots\" content=\"index, follow, max-snippet:-1, max-image-preview:large, max-video-preview:-1\" \/>\n<link rel=\"canonical\" href=\"https:\/\/atozagents.com\/es\/about-us\/\" \/>\n<meta property=\"og:locale\" content=\"es_ES\" \/>\n<meta property=\"og:type\" content=\"article\" \/>\n<meta property=\"og:title\" content=\"About Us - ATOZ Agents\" \/>\n<meta property=\"og:description\" content=\"ABOUT US As a leading insurance broker, it\u2019s not just our job to train independent insurance agents on their path to prosperity. It\u2019s our passion! Our Mission: To prepare more\u00a0agents to sell\u00a0more policies for Florida\u2019s top insurance company, Florida Blue, while providing unbeatable agent benefits. Since 2015, AtoZ Agents has operated as a trusted liaison [&hellip;]\" \/>\n<meta property=\"og:url\" content=\"https:\/\/atozagents.com\/es\/about-us\/\" \/>\n<meta property=\"og:site_name\" content=\"ATOZ Agents\" \/>\n<meta property=\"article:modified_time\" content=\"2023-07-27T21:44:23+00:00\" \/>\n<meta property=\"og:image\" content=\"http:\/\/prod.atozagents.com\/wp-content\/uploads\/2023\/07\/linea.png\" \/>\n<meta name=\"twitter:card\" content=\"summary_large_image\" \/>\n<meta name=\"twitter:label1\" content=\"Tiempo de lectura\" \/>\n\t<meta name=\"twitter:data1\" content=\"1 minuto\" \/>\n<script type=\"application\/ld+json\" class=\"yoast-schema-graph\">{\"@context\":\"https:\/\/schema.org\",\"@graph\":[{\"@type\":\"WebPage\",\"@id\":\"https:\/\/atozagents.com\/en\/about-us\/\",\"url\":\"https:\/\/atozagents.com\/en\/about-us\/\",\"name\":\"About Us - ATOZ Agents\",\"isPartOf\":{\"@id\":\"https:\/\/atozagents.com\/en\/#website\"},\"primaryImageOfPage\":{\"@id\":\"https:\/\/atozagents.com\/en\/about-us\/#primaryimage\"},\"image\":{\"@id\":\"https:\/\/atozagents.com\/en\/about-us\/#primaryimage\"},\"thumbnailUrl\":\"http:\/\/prod.atozagents.com\/wp-content\/uploads\/2023\/07\/linea.png\",\"datePublished\":\"2023-07-19T14:23:04+00:00\",\"dateModified\":\"2023-07-27T21:44:23+00:00\",\"breadcrumb\":{\"@id\":\"https:\/\/atozagents.com\/en\/about-us\/#breadcrumb\"},\"inLanguage\":\"es\",\"potentialAction\":[{\"@type\":\"ReadAction\",\"target\":[\"https:\/\/atozagents.com\/en\/about-us\/\"]}]},{\"@type\":\"ImageObject\",\"inLanguage\":\"es\",\"@id\":\"https:\/\/atozagents.com\/en\/about-us\/#primaryimage\",\"url\":\"http:\/\/prod.atozagents.com\/wp-content\/uploads\/2023\/07\/linea.png\",\"contentUrl\":\"http:\/\/prod.atozagents.com\/wp-content\/uploads\/2023\/07\/linea.png\"},{\"@type\":\"BreadcrumbList\",\"@id\":\"https:\/\/atozagents.com\/en\/about-us\/#breadcrumb\",\"itemListElement\":[{\"@type\":\"ListItem\",\"position\":1,\"name\":\"Inicio\",\"item\":\"https:\/\/atozagents.com\/en\/\"},{\"@type\":\"ListItem\",\"position\":2,\"name\":\"About Us\"}]},{\"@type\":\"WebSite\",\"@id\":\"https:\/\/atozagents.com\/en\/#website\",\"url\":\"https:\/\/atozagents.com\/en\/\",\"name\":\"ATOZ Agents\",\"description\":\"\",\"publisher\":{\"@id\":\"https:\/\/atozagents.com\/en\/#organization\"},\"potentialAction\":[{\"@type\":\"SearchAction\",\"target\":{\"@type\":\"EntryPoint\",\"urlTemplate\":\"https:\/\/atozagents.com\/en\/?s={search_term_string}\"},\"query-input\":{\"@type\":\"PropertyValueSpecification\",\"valueRequired\":true,\"valueName\":\"search_term_string\"}}],\"inLanguage\":\"es\"},{\"@type\":\"Organization\",\"@id\":\"https:\/\/atozagents.com\/en\/#organization\",\"name\":\"ATOZ Agents\",\"url\":\"https:\/\/atozagents.com\/en\/\",\"logo\":{\"@type\":\"ImageObject\",\"inLanguage\":\"es\",\"@id\":\"https:\/\/atozagents.com\/en\/#\/schema\/logo\/image\/\",\"url\":\"http:\/wp-content\/uploads\/2023\/08\/flaticon.png\",\"contentUrl\":\"http:\/wp-content\/uploads\/2023\/08\/flaticon.png\",\"width\":100,\"height\":100,\"caption\":\"ATOZ Agents\"},\"image\":{\"@id\":\"https:\/\/atozagents.com\/en\/#\/schema\/logo\/image\/\"}}]}<\/script>\n<!-- \/ Yoast SEO plugin. -->","yoast_head_json":{"title":"About Us - ATOZ Agents","robots":{"index":"index","follow":"follow","max-snippet":"max-snippet:-1","max-image-preview":"max-image-preview:large","max-video-preview":"max-video-preview:-1"},"canonical":"https:\/\/atozagents.com\/es\/about-us\/","og_locale":"es_ES","og_type":"article","og_title":"About Us - ATOZ Agents","og_description":"ABOUT US As a leading insurance broker, it\u2019s not just our job to train independent insurance agents on their path to prosperity. It\u2019s our passion! Our Mission: To prepare more\u00a0agents to sell\u00a0more policies for Florida\u2019s top insurance company, Florida Blue, while providing unbeatable agent benefits. Since 2015, AtoZ Agents has operated as a trusted liaison [&hellip;]","og_url":"https:\/\/atozagents.com\/es\/about-us\/","og_site_name":"ATOZ Agents","article_modified_time":"2023-07-27T21:44:23+00:00","og_image":[{"url":"http:\/\/prod.atozagents.com\/wp-content\/uploads\/2023\/07\/linea.png","type":"","width":"","height":""}],"twitter_card":"summary_large_image","twitter_misc":{"Tiempo de lectura":"1 minuto"},"schema":{"@context":"https:\/\/schema.org","@graph":[{"@type":"WebPage","@id":"https:\/\/atozagents.com\/en\/about-us\/","url":"https:\/\/atozagents.com\/en\/about-us\/","name":"About Us - ATOZ Agents","isPartOf":{"@id":"https:\/\/atozagents.com\/en\/#website"},"primaryImageOfPage":{"@id":"https:\/\/atozagents.com\/en\/about-us\/#primaryimage"},"image":{"@id":"https:\/\/atozagents.com\/en\/about-us\/#primaryimage"},"thumbnailUrl":"http:\/\/prod.atozagents.com\/wp-content\/uploads\/2023\/07\/linea.png","datePublished":"2023-07-19T14:23:04+00:00","dateModified":"2023-07-27T21:44:23+00:00","breadcrumb":{"@id":"https:\/\/atozagents.com\/en\/about-us\/#breadcrumb"},"inLanguage":"es","potentialAction":[{"@type":"ReadAction","target":["https:\/\/atozagents.com\/en\/about-us\/"]}]},{"@type":"ImageObject","inLanguage":"es","@id":"https:\/\/atozagents.com\/en\/about-us\/#primaryimage","url":"http:\/\/prod.atozagents.com\/wp-content\/uploads\/2023\/07\/linea.png","contentUrl":"http:\/\/prod.atozagents.com\/wp-content\/uploads\/2023\/07\/linea.png"},{"@type":"BreadcrumbList","@id":"https:\/\/atozagents.com\/en\/about-us\/#breadcrumb","itemListElement":[{"@type":"ListItem","position":1,"name":"Inicio","item":"https:\/\/atozagents.com\/en\/"},{"@type":"ListItem","position":2,"name":"About Us"}]},{"@type":"WebSite","@id":"https:\/\/atozagents.com\/en\/#website","url":"https:\/\/atozagents.com\/en\/","name":"ATOZ Agents","description":"","publisher":{"@id":"https:\/\/atozagents.com\/en\/#organization"},"potentialAction":[{"@type":"SearchAction","target":{"@type":"EntryPoint","urlTemplate":"https:\/\/atozagents.com\/en\/?s={search_term_string}"},"query-input":{"@type":"PropertyValueSpecification","valueRequired":true,"valueName":"search_term_string"}}],"inLanguage":"es"},{"@type":"Organization","@id":"https:\/\/atozagents.com\/en\/#organization","name":"ATOZ Agents","url":"https:\/\/atozagents.com\/en\/","logo":{"@type":"ImageObject","inLanguage":"es","@id":"https:\/\/atozagents.com\/en\/#\/schema\/logo\/image\/","url":"http:\/wp-content\/uploads\/2023\/08\/flaticon.png","contentUrl":"http:\/wp-content\/uploads\/2023\/08\/flaticon.png","width":100,"height":100,"caption":"ATOZ Agents"},"image":{"@id":"https:\/\/atozagents.com\/en\/#\/schema\/logo\/image\/"}}]}},"_links":{"self":[{"href":"https:\/\/atozagents.com\/es\/wp-json\/wp\/v2\/pages\/22","targetHints":{"allow":["GET"]}}],"collection":[{"href":"https:\/\/atozagents.com\/es\/wp-json\/wp\/v2\/pages"}],"about":[{"href":"https:\/\/atozagents.com\/es\/wp-json\/wp\/v2\/types\/page"}],"author":[{"embeddable":true,"href":"https:\/\/atozagents.com\/es\/wp-json\/wp\/v2\/users\/1"}],"replies":[{"embeddable":true,"href":"https:\/\/atozagents.com\/es\/wp-json\/wp\/v2\/comments?post=22"}],"version-history":[{"count":91,"href":"https:\/\/atozagents.com\/es\/wp-json\/wp\/v2\/pages\/22\/revisions"}],"predecessor-version":[{"id":828,"href":"https:\/\/atozagents.com\/es\/wp-json\/wp\/v2\/pages\/22\/revisions\/828"}],"wp:attachment":[{"href":"https:\/\/atozagents.com\/es\/wp-json\/wp\/v2\/media?parent=22"}],"curies":[{"name":"wp","href":"https:\/\/api.w.org\/{rel}","templated":true}]}}