{"id":24,"date":"2023-07-19T09:25:05","date_gmt":"2023-07-19T14:25:05","guid":{"rendered":"https:\/\/prod.atozagents.com\/?page_id=24"},"modified":"2024-10-28T16:26:37","modified_gmt":"2024-10-28T20:26:37","slug":"contact-us","status":"publish","type":"page","link":"https:\/\/atozagents.com\/es\/contact-us\/","title":{"rendered":"Contact us"},"content":{"rendered":"<div data-elementor-type=\"wp-page\" data-elementor-id=\"24\" class=\"elementor elementor-24\">\n\t\t\t\t\t\t<section class=\"elementor-section elementor-top-section elementor-element elementor-element-4c304b1 elementor-section-full_width elementor-section-height-default elementor-section-height-default\" data-id=\"4c304b1\" data-element_type=\"section\" data-settings=\"{&quot;background_background&quot;:&quot;classic&quot;}\">\n\t\t\t\t\t\t<div class=\"elementor-container elementor-column-gap-no\">\n\t\t\t\t\t<div class=\"elementor-column elementor-col-50 elementor-top-column elementor-element elementor-element-4c76c9a\" data-id=\"4c76c9a\" data-element_type=\"column\" data-settings=\"{&quot;background_background&quot;:&quot;classic&quot;}\">\n\t\t\t<div class=\"elementor-widget-wrap elementor-element-populated\">\n\t\t\t\t\t\t<div class=\"elementor-element elementor-element-6d452f0 elementor-hidden-desktop elementor-hidden-tablet elementor-widget elementor-widget-image\" data-id=\"6d452f0\" data-element_type=\"widget\" data-widget_type=\"image.default\">\n\t\t\t\t<div class=\"elementor-widget-container\">\n\t\t\t\t\t\t\t\t\t\t\t\t\t\t\t<img fetchpriority=\"high\" decoding=\"async\" width=\"816\" height=\"1024\" src=\"https:\/\/atozagents.com\/wp-content\/uploads\/2023\/07\/atoz-contact-form-816x1024.jpg\" class=\"attachment-large size-large wp-image-409\" alt=\"\" srcset=\"https:\/\/atozagents.com\/wp-content\/uploads\/2023\/07\/atoz-contact-form-816x1024.jpg 816w, https:\/\/atozagents.com\/wp-content\/uploads\/2023\/07\/atoz-contact-form-239x300.jpg 239w, https:\/\/atozagents.com\/wp-content\/uploads\/2023\/07\/atoz-contact-form-768x964.jpg 768w, https:\/\/atozagents.com\/wp-content\/uploads\/2023\/07\/atoz-contact-form.jpg 951w\" sizes=\"(max-width: 816px) 100vw, 816px\" \/>\t\t\t\t\t\t\t\t\t\t\t\t\t\t\t<\/div>\n\t\t\t\t<\/div>\n\t\t\t\t\t<\/div>\n\t\t<\/div>\n\t\t\t\t<div class=\"elementor-column elementor-col-50 elementor-top-column elementor-element elementor-element-5442059\" data-id=\"5442059\" data-element_type=\"column\">\n\t\t\t<div class=\"elementor-widget-wrap elementor-element-populated\">\n\t\t\t\t\t\t<div class=\"elementor-element elementor-element-b6c93e2 elementor-widget elementor-widget-heading\" data-id=\"b6c93e2\" data-element_type=\"widget\" data-widget_type=\"heading.default\">\n\t\t\t\t<div class=\"elementor-widget-container\">\n\t\t\t\t\t<h2 class=\"elementor-heading-title elementor-size-default\">CONT\u00c1CTENOS\n<\/h2>\t\t\t\t<\/div>\n\t\t\t\t<\/div>\n\t\t\t\t<section class=\"elementor-section elementor-inner-section elementor-element elementor-element-e29bcc1 elementor-section-boxed elementor-section-height-default elementor-section-height-default\" data-id=\"e29bcc1\" data-element_type=\"section\">\n\t\t\t\t\t\t<div class=\"elementor-container elementor-column-gap-no\">\n\t\t\t\t\t<div class=\"elementor-column elementor-col-50 elementor-inner-column elementor-element elementor-element-33cf0a6\" data-id=\"33cf0a6\" data-element_type=\"column\">\n\t\t\t<div class=\"elementor-widget-wrap elementor-element-populated\">\n\t\t\t\t\t\t<div class=\"elementor-element elementor-element-1123b45 elementor-widget__width-auto elementor-view-default elementor-widget elementor-widget-icon\" data-id=\"1123b45\" data-element_type=\"widget\" data-widget_type=\"icon.default\">\n\t\t\t\t<div class=\"elementor-widget-container\">\n\t\t\t\t\t\t\t<div class=\"elementor-icon-wrapper\">\n\t\t\t<div class=\"elementor-icon\">\n\t\t\t<i aria-hidden=\"true\" class=\"fas fa-phone-alt\"><\/i>\t\t\t<\/div>\n\t\t<\/div>\n\t\t\t\t\t\t<\/div>\n\t\t\t\t<\/div>\n\t\t\t\t<div class=\"elementor-element elementor-element-5d8908a elementor-widget__width-auto elementor-widget elementor-widget-heading\" data-id=\"5d8908a\" data-element_type=\"widget\" data-widget_type=\"heading.default\">\n\t\t\t\t<div class=\"elementor-widget-container\">\n\t\t\t\t\t<h4 class=\"elementor-heading-title elementor-size-default\">LL\u00c1MANOS<\/h4>\t\t\t\t<\/div>\n\t\t\t\t<\/div>\n\t\t\t\t<div class=\"elementor-element elementor-element-99a10a0 elementor-widget elementor-widget-text-editor\" data-id=\"99a10a0\" data-element_type=\"widget\" data-widget_type=\"text-editor.default\">\n\t\t\t\t<div class=\"elementor-widget-container\">\n\t\t\t\t\t\t\t\t\t<div><p>Tel\u00e9fono:<strong><br \/>786-629-5591<\/strong><\/p><\/div><div><strong>Lunes a Viernes<\/strong><br \/>9:00 AM a 5:00 PM<\/div>\t\t\t\t\t\t\t\t<\/div>\n\t\t\t\t<\/div>\n\t\t\t\t\t<\/div>\n\t\t<\/div>\n\t\t\t\t<div class=\"elementor-column elementor-col-50 elementor-inner-column elementor-element elementor-element-0cd2286\" data-id=\"0cd2286\" data-element_type=\"column\">\n\t\t\t<div class=\"elementor-widget-wrap elementor-element-populated\">\n\t\t\t\t\t\t<div class=\"elementor-element elementor-element-e504456 elementor-widget__width-auto elementor-view-default elementor-widget elementor-widget-icon\" data-id=\"e504456\" data-element_type=\"widget\" data-widget_type=\"icon.default\">\n\t\t\t\t<div class=\"elementor-widget-container\">\n\t\t\t\t\t\t\t<div class=\"elementor-icon-wrapper\">\n\t\t\t<div class=\"elementor-icon\">\n\t\t\t<i aria-hidden=\"true\" class=\"fas fa-mail-bulk\"><\/i>\t\t\t<\/div>\n\t\t<\/div>\n\t\t\t\t\t\t<\/div>\n\t\t\t\t<\/div>\n\t\t\t\t<div class=\"elementor-element elementor-element-75f8084 elementor-widget__width-auto elementor-widget elementor-widget-heading\" data-id=\"75f8084\" data-element_type=\"widget\" data-widget_type=\"heading.default\">\n\t\t\t\t<div class=\"elementor-widget-container\">\n\t\t\t\t\t<h4 class=\"elementor-heading-title elementor-size-default\">ESCR\u00cdBENOS<\/h4>\t\t\t\t<\/div>\n\t\t\t\t<\/div>\n\t\t\t\t<div class=\"elementor-element elementor-element-5097a99 elementor-widget elementor-widget-text-editor\" data-id=\"5097a99\" data-element_type=\"widget\" data-widget_type=\"text-editor.default\">\n\t\t\t\t<div class=\"elementor-widget-container\">\n\t\t\t\t\t\t\t\t\t<p>Email:<strong><br \/><a href=\"mailto:hello@atozagents.com\">hello@atozagents.com<\/a><\/strong><\/p>\t\t\t\t\t\t\t\t<\/div>\n\t\t\t\t<\/div>\n\t\t\t\t\t<\/div>\n\t\t<\/div>\n\t\t\t\t\t<\/div>\n\t\t<\/section>\n\t\t\t\t<div class=\"elementor-element elementor-element-53087d9 elementor-widget elementor-widget-shortcode\" data-id=\"53087d9\" data-element_type=\"widget\" data-widget_type=\"shortcode.default\">\n\t\t\t\t<div class=\"elementor-widget-container\">\n\t\t\t\t\t\t\t<div class=\"elementor-shortcode\"><div class=\"wpforms-container wpforms-container-full wpforms-render-modern\" id=\"wpforms-852\"><form id=\"wpforms-form-852\" class=\"wpforms-validate wpforms-form wpforms-ajax-form\" data-formid=\"852\" method=\"post\" enctype=\"multipart\/form-data\" action=\"\/es\/wp-json\/wp\/v2\/pages\/24\" data-token=\"95e30979b5b2fc6b836ffd3242cd8db6\" data-token-time=\"1777584496\" data-trp-original-action=\"\/es\/wp-json\/wp\/v2\/pages\/24\"><noscript class=\"wpforms-error-noscript\">Por favor, activa JavaScript en tu navegador para completar este formulario.<\/noscript><div class=\"wpforms-hidden\" id=\"wpforms-error-noscript\">Por favor, activa JavaScript en tu navegador para completar este formulario.<\/div><div class=\"wpforms-field-container\"><div id=\"wpforms-852-field_1-container\" class=\"wpforms-field wpforms-field-text\" data-field-id=\"1\"><label class=\"wpforms-field-label\" for=\"wpforms-852-field_1\">NOMBRE COMPLETO <span class=\"wpforms-required-label\" aria-hidden=\"true\">*<\/span><\/label><input type=\"text\" id=\"wpforms-852-field_1\" class=\"wpforms-field-large wpforms-field-required\" name=\"wpforms[fields][1]\" aria-errormessage=\"wpforms-852-field_1-error\" required><\/div><div id=\"wpforms-852-field_2-container\" class=\"wpforms-field wpforms-field-text\" data-field-id=\"2\"><label class=\"wpforms-field-label\" for=\"wpforms-852-field_2\">EMAIL <span class=\"wpforms-required-label\" aria-hidden=\"true\">*<\/span><\/label><input type=\"text\" id=\"wpforms-852-field_2\" class=\"wpforms-field-large wpforms-field-required\" name=\"wpforms[fields][2]\" aria-errormessage=\"wpforms-852-field_2-error\" required><\/div><div id=\"wpforms-852-field_3-container\" class=\"wpforms-field wpforms-field-text\" data-field-id=\"3\"><label class=\"wpforms-field-label\" for=\"wpforms-852-field_3\">MENSAJE  <span class=\"wpforms-required-label\" aria-hidden=\"true\">*<\/span><\/label><input type=\"text\" id=\"wpforms-852-field_3\" class=\"wpforms-field-large wpforms-field-required\" name=\"wpforms[fields][3]\" aria-errormessage=\"wpforms-852-field_3-error\" required><\/div><div id=\"wpforms-852-field_4-container\" class=\"wpforms-field wpforms-field-checkbox disclaimer-contac-us\" data-field-id=\"4\"><fieldset><legend class=\"wpforms-field-label wpforms-label-hide\" aria-hidden=\"false\">Checkboxes <span class=\"wpforms-required-label\" aria-hidden=\"true\">*<\/span><\/legend><ul id=\"wpforms-852-field_4\" class=\"wpforms-field-required\" data-choice-limit=\"1\"><li class=\"choice-1 depth-1\"><input type=\"checkbox\" id=\"wpforms-852-field_4_1\" data-rule-check-limit=\"true\" name=\"wpforms[fields][4][]\" value=\"By clicking Submit below I am providing my electronic signature (ESIGN) and express written consent agreement to permit AtoZ Agents and its affiliates calling on their behalf to contact me at the number provided below for marketing purposes including through the use of automated technology, SMS\/MMS messages, AI generative voice and prerecorded and\/or artificial voice messages. I acknowledge my consent is not required to obtain any good or service.\" aria-errormessage=\"wpforms-852-field_4_1-error\" required><label class=\"wpforms-field-label-inline\" for=\"wpforms-852-field_4_1\">Al hacer clic en Enviar a continuaci\u00f3n, proporciono mi firma electr\u00f3nica (ESIGN) y mi consentimiento expreso por escrito para permitir que AtoZ Agents y sus afiliados que llamen en su nombre se comuniquen conmigo al n\u00famero que se proporciona a continuaci\u00f3n con fines de marketing, incluido el uso de tecnolog\u00eda automatizada, mensajes SMS\/MMS, voz generativa de IA y mensajes de voz pregrabados y\/o artificiales. Reconozco que mi consentimiento no es necesario para obtener ning\u00fan bien o servicio.<\/label><\/li><\/ul><\/fieldset><\/div><\/div><!-- .wpforms-field-container --><div class=\"wpforms-submit-container\" ><input type=\"hidden\" name=\"wpforms[id]\" value=\"852\"><input type=\"hidden\" name=\"page_title\" value=\"\"><input type=\"hidden\" name=\"page_url\" value=\"https:\/\/atozagents.com\/es\/wp-json\/wp\/v2\/pages\/24\"><input type=\"hidden\" name=\"url_referer\" value=\"\"><button type=\"submit\" name=\"wpforms[submit]\" id=\"wpforms-submit-852\" class=\"wpforms-submit\" data-alt-text=\"Sending...\" data-submit-text=\"Submit\" aria-live=\"assertive\" value=\"wpforms-submit\">Enviar<\/button><img decoding=\"async\" src=\"https:\/\/atozagents.com\/wp-content\/plugins\/wpforms-lite\/assets\/images\/submit-spin.svg\" class=\"wpforms-submit-spinner\" style=\"display: none;\" width=\"26\" height=\"26\" alt=\"Cargando\"><\/div><input type=\"hidden\" name=\"trp-form-language\" value=\"es\"\/><\/form><\/div>  <!-- .wpforms-container -->\t<\/div>\n\t\t\t\t\t\t<\/div>\n\t\t\t\t<\/div>\n\t\t\t\t\t<\/div>\n\t\t<\/div>\n\t\t\t\t\t<\/div>\n\t\t<\/section>\n\t\t\t\t<\/div>","protected":false},"excerpt":{"rendered":"<p>CONTACT US CALL US Phone:786-629-5591 Monday to Friday9:00 AM a 5:00 PM WRITE US Email:hello@atozagents.com<\/p>","protected":false},"author":1,"featured_media":0,"parent":0,"menu_order":0,"comment_status":"closed","ping_status":"closed","template":"","meta":{"site-sidebar-layout":"no-sidebar","site-content-layout":"page-builder","ast-site-content-layout":"","site-content-style":"default","site-sidebar-style":"default","ast-global-header-display":"","ast-banner-title-visibility":"","ast-main-header-display":"","ast-hfb-above-header-display":"","ast-hfb-below-header-display":"","ast-hfb-mobile-header-display":"","site-post-title":"disabled","ast-breadcrumbs-content":"","ast-featured-img":"disabled","footer-sml-layout":"","theme-transparent-header-meta":"","adv-header-id-meta":"","stick-header-meta":"","header-above-stick-meta":"","header-main-stick-meta":"","header-below-stick-meta":"","astra-migrate-meta-layouts":"default","ast-page-background-enabled":"default","ast-page-background-meta":{"desktop":{"background-color":"var(--ast-global-color-4)","background-image":"","background-repeat":"repeat","background-position":"center center","background-size":"auto","background-attachment":"scroll","background-type":"","background-media":"","overlay-type":"","overlay-color":"","overlay-opacity":"","overlay-gradient":""},"tablet":{"background-color":"","background-image":"","background-repeat":"repeat","background-position":"center center","background-size":"auto","background-attachment":"scroll","background-type":"","background-media":"","overlay-type":"","overlay-color":"","overlay-opacity":"","overlay-gradient":""},"mobile":{"background-color":"","background-image":"","background-repeat":"repeat","background-position":"center center","background-size":"auto","background-attachment":"scroll","background-type":"","background-media":"","overlay-type":"","overlay-color":"","overlay-opacity":"","overlay-gradient":""}},"ast-content-background-meta":{"desktop":{"background-color":"var(--ast-global-color-5)","background-image":"","background-repeat":"repeat","background-position":"center center","background-size":"auto","background-attachment":"scroll","background-type":"","background-media":"","overlay-type":"","overlay-color":"","overlay-opacity":"","overlay-gradient":""},"tablet":{"background-color":"var(--ast-global-color-5)","background-image":"","background-repeat":"repeat","background-position":"center center","background-size":"auto","background-attachment":"scroll","background-type":"","background-media":"","overlay-type":"","overlay-color":"","overlay-opacity":"","overlay-gradient":""},"mobile":{"background-color":"var(--ast-global-color-5)","background-image":"","background-repeat":"repeat","background-position":"center center","background-size":"auto","background-attachment":"scroll","background-type":"","background-media":"","overlay-type":"","overlay-color":"","overlay-opacity":"","overlay-gradient":""}},"footnotes":""},"class_list":["post-24","page","type-page","status-publish","hentry"],"yoast_head":"<!-- This site is optimized with the Yoast SEO plugin v25.1 - https:\/\/yoast.com\/wordpress\/plugins\/seo\/ -->\n<title>Contact us - ATOZ Agents<\/title>\n<meta name=\"robots\" content=\"index, follow, max-snippet:-1, max-image-preview:large, max-video-preview:-1\" \/>\n<link rel=\"canonical\" href=\"https:\/\/atozagents.com\/es\/contact-us\/\" \/>\n<meta property=\"og:locale\" content=\"es_ES\" \/>\n<meta property=\"og:type\" content=\"article\" \/>\n<meta property=\"og:title\" content=\"Contact us - ATOZ Agents\" \/>\n<meta property=\"og:description\" content=\"CONTACT US CALL US Phone:786-629-5591 Monday to Friday9:00 AM a 5:00 PM WRITE US Email:hello@atozagents.com\" \/>\n<meta property=\"og:url\" content=\"https:\/\/atozagents.com\/es\/contact-us\/\" \/>\n<meta property=\"og:site_name\" content=\"ATOZ Agents\" \/>\n<meta property=\"article:modified_time\" content=\"2024-10-28T20:26:37+00:00\" \/>\n<meta property=\"og:image\" content=\"http:\/\/atozagents.com\/wp-content\/uploads\/2023\/07\/atoz-contact-form-816x1024.jpg\" \/>\n<meta name=\"twitter:card\" content=\"summary_large_image\" \/>\n<meta name=\"twitter:label1\" content=\"Tiempo de lectura\" \/>\n\t<meta name=\"twitter:data1\" content=\"1 minuto\" \/>\n<script type=\"application\/ld+json\" class=\"yoast-schema-graph\">{\"@context\":\"https:\/\/schema.org\",\"@graph\":[{\"@type\":\"WebPage\",\"@id\":\"https:\/\/atozagents.com\/es\/contact-us\/\",\"url\":\"https:\/\/atozagents.com\/es\/contact-us\/\",\"name\":\"Contact us - ATOZ Agents\",\"isPartOf\":{\"@id\":\"https:\/\/atozagents.com\/en\/#website\"},\"primaryImageOfPage\":{\"@id\":\"https:\/\/atozagents.com\/es\/contact-us\/#primaryimage\"},\"image\":{\"@id\":\"https:\/\/atozagents.com\/es\/contact-us\/#primaryimage\"},\"thumbnailUrl\":\"http:\/\/atozagents.com\/wp-content\/uploads\/2023\/07\/atoz-contact-form-816x1024.jpg\",\"datePublished\":\"2023-07-19T14:25:05+00:00\",\"dateModified\":\"2024-10-28T20:26:37+00:00\",\"breadcrumb\":{\"@id\":\"https:\/\/atozagents.com\/es\/contact-us\/#breadcrumb\"},\"inLanguage\":\"es\",\"potentialAction\":[{\"@type\":\"ReadAction\",\"target\":[\"https:\/\/atozagents.com\/es\/contact-us\/\"]}]},{\"@type\":\"ImageObject\",\"inLanguage\":\"es\",\"@id\":\"https:\/\/atozagents.com\/es\/contact-us\/#primaryimage\",\"url\":\"http:\/\/atozagents.com\/wp-content\/uploads\/2023\/07\/atoz-contact-form-816x1024.jpg\",\"contentUrl\":\"http:\/\/atozagents.com\/wp-content\/uploads\/2023\/07\/atoz-contact-form-816x1024.jpg\"},{\"@type\":\"BreadcrumbList\",\"@id\":\"https:\/\/atozagents.com\/es\/contact-us\/#breadcrumb\",\"itemListElement\":[{\"@type\":\"ListItem\",\"position\":1,\"name\":\"Inicio\",\"item\":\"https:\/\/atozagents.com\/en\/\"},{\"@type\":\"ListItem\",\"position\":2,\"name\":\"Contact us\"}]},{\"@type\":\"WebSite\",\"@id\":\"https:\/\/atozagents.com\/en\/#website\",\"url\":\"https:\/\/atozagents.com\/en\/\",\"name\":\"ATOZ Agents\",\"description\":\"\",\"publisher\":{\"@id\":\"https:\/\/atozagents.com\/en\/#organization\"},\"potentialAction\":[{\"@type\":\"SearchAction\",\"target\":{\"@type\":\"EntryPoint\",\"urlTemplate\":\"https:\/\/atozagents.com\/en\/?s={search_term_string}\"},\"query-input\":{\"@type\":\"PropertyValueSpecification\",\"valueRequired\":true,\"valueName\":\"search_term_string\"}}],\"inLanguage\":\"es\"},{\"@type\":\"Organization\",\"@id\":\"https:\/\/atozagents.com\/en\/#organization\",\"name\":\"ATOZ Agents\",\"url\":\"https:\/\/atozagents.com\/en\/\",\"logo\":{\"@type\":\"ImageObject\",\"inLanguage\":\"es\",\"@id\":\"https:\/\/atozagents.com\/en\/#\/schema\/logo\/image\/\",\"url\":\"http:\/wp-content\/uploads\/2023\/08\/flaticon.png\",\"contentUrl\":\"http:\/wp-content\/uploads\/2023\/08\/flaticon.png\",\"width\":100,\"height\":100,\"caption\":\"ATOZ Agents\"},\"image\":{\"@id\":\"https:\/\/atozagents.com\/en\/#\/schema\/logo\/image\/\"}}]}<\/script>\n<!-- \/ Yoast SEO plugin. -->","yoast_head_json":{"title":"Contact us - ATOZ Agents","robots":{"index":"index","follow":"follow","max-snippet":"max-snippet:-1","max-image-preview":"max-image-preview:large","max-video-preview":"max-video-preview:-1"},"canonical":"https:\/\/atozagents.com\/es\/contact-us\/","og_locale":"es_ES","og_type":"article","og_title":"Contact us - ATOZ Agents","og_description":"CONTACT US CALL US Phone:786-629-5591 Monday to Friday9:00 AM a 5:00 PM WRITE US Email:hello@atozagents.com","og_url":"https:\/\/atozagents.com\/es\/contact-us\/","og_site_name":"ATOZ Agents","article_modified_time":"2024-10-28T20:26:37+00:00","og_image":[{"url":"http:\/\/atozagents.com\/wp-content\/uploads\/2023\/07\/atoz-contact-form-816x1024.jpg","type":"","width":"","height":""}],"twitter_card":"summary_large_image","twitter_misc":{"Tiempo de lectura":"1 minuto"},"schema":{"@context":"https:\/\/schema.org","@graph":[{"@type":"WebPage","@id":"https:\/\/atozagents.com\/es\/contact-us\/","url":"https:\/\/atozagents.com\/es\/contact-us\/","name":"Contact us - ATOZ Agents","isPartOf":{"@id":"https:\/\/atozagents.com\/en\/#website"},"primaryImageOfPage":{"@id":"https:\/\/atozagents.com\/es\/contact-us\/#primaryimage"},"image":{"@id":"https:\/\/atozagents.com\/es\/contact-us\/#primaryimage"},"thumbnailUrl":"http:\/\/atozagents.com\/wp-content\/uploads\/2023\/07\/atoz-contact-form-816x1024.jpg","datePublished":"2023-07-19T14:25:05+00:00","dateModified":"2024-10-28T20:26:37+00:00","breadcrumb":{"@id":"https:\/\/atozagents.com\/es\/contact-us\/#breadcrumb"},"inLanguage":"es","potentialAction":[{"@type":"ReadAction","target":["https:\/\/atozagents.com\/es\/contact-us\/"]}]},{"@type":"ImageObject","inLanguage":"es","@id":"https:\/\/atozagents.com\/es\/contact-us\/#primaryimage","url":"http:\/\/atozagents.com\/wp-content\/uploads\/2023\/07\/atoz-contact-form-816x1024.jpg","contentUrl":"http:\/\/atozagents.com\/wp-content\/uploads\/2023\/07\/atoz-contact-form-816x1024.jpg"},{"@type":"BreadcrumbList","@id":"https:\/\/atozagents.com\/es\/contact-us\/#breadcrumb","itemListElement":[{"@type":"ListItem","position":1,"name":"Inicio","item":"https:\/\/atozagents.com\/en\/"},{"@type":"ListItem","position":2,"name":"Contact us"}]},{"@type":"WebSite","@id":"https:\/\/atozagents.com\/en\/#website","url":"https:\/\/atozagents.com\/en\/","name":"ATOZ Agents","description":"","publisher":{"@id":"https:\/\/atozagents.com\/en\/#organization"},"potentialAction":[{"@type":"SearchAction","target":{"@type":"EntryPoint","urlTemplate":"https:\/\/atozagents.com\/en\/?s={search_term_string}"},"query-input":{"@type":"PropertyValueSpecification","valueRequired":true,"valueName":"search_term_string"}}],"inLanguage":"es"},{"@type":"Organization","@id":"https:\/\/atozagents.com\/en\/#organization","name":"ATOZ Agents","url":"https:\/\/atozagents.com\/en\/","logo":{"@type":"ImageObject","inLanguage":"es","@id":"https:\/\/atozagents.com\/en\/#\/schema\/logo\/image\/","url":"http:\/wp-content\/uploads\/2023\/08\/flaticon.png","contentUrl":"http:\/wp-content\/uploads\/2023\/08\/flaticon.png","width":100,"height":100,"caption":"ATOZ Agents"},"image":{"@id":"https:\/\/atozagents.com\/en\/#\/schema\/logo\/image\/"}}]}},"_links":{"self":[{"href":"https:\/\/atozagents.com\/es\/wp-json\/wp\/v2\/pages\/24","targetHints":{"allow":["GET"]}}],"collection":[{"href":"https:\/\/atozagents.com\/es\/wp-json\/wp\/v2\/pages"}],"about":[{"href":"https:\/\/atozagents.com\/es\/wp-json\/wp\/v2\/types\/page"}],"author":[{"embeddable":true,"href":"https:\/\/atozagents.com\/es\/wp-json\/wp\/v2\/users\/1"}],"replies":[{"embeddable":true,"href":"https:\/\/atozagents.com\/es\/wp-json\/wp\/v2\/comments?post=24"}],"version-history":[{"count":76,"href":"https:\/\/atozagents.com\/es\/wp-json\/wp\/v2\/pages\/24\/revisions"}],"predecessor-version":[{"id":1082,"href":"https:\/\/atozagents.com\/es\/wp-json\/wp\/v2\/pages\/24\/revisions\/1082"}],"wp:attachment":[{"href":"https:\/\/atozagents.com\/es\/wp-json\/wp\/v2\/media?parent=24"}],"curies":[{"name":"wp","href":"https:\/\/api.w.org\/{rel}","templated":true}]}}